{"id":3,"date":"2023-10-15T00:33:51","date_gmt":"2023-10-14T22:33:51","guid":{"rendered":"https:\/\/dentalshop1.net\/?page_id=3"},"modified":"2023-12-06T17:29:58","modified_gmt":"2023-12-06T16:29:58","slug":"politica-privacidad","status":"publish","type":"page","link":"https:\/\/dentalhelp.mx\/index.php\/politica-privacidad\/","title":{"rendered":"Pol\u00edtica de privacidad"},"content":{"rendered":"\n<p><strong>AVISO DE PRIVACIDAD<\/strong><\/p>\n\n\n\n<p><strong>IDENTIDAD Y DOMICILIO DEL RESPONSABLE.<\/strong><\/p>\n\n\n\n<p>En DENTAL HELP S.A. DE C.V.. ., (en adelante&nbsp;<strong>DENTAL HELP S.A. DE C.V.<\/strong>) propietario de las marca DENTAL HELP con domicilio Avenida 20 de Noviembre #1016, Colonia Santa Elena,&nbsp;<em><strong>Poza Rica<\/strong><\/em>&nbsp;Veracruz. C.P, los datos personales y personales sensibles, de nuestros consumidores y posibles consumidores (en adelante \u201cdatos personales\u201d), son tratados de forma estrictamente privada y confidencial, por lo que la obtenci\u00f3n, tratamiento, transferencia y ejercicio de los derechos derivados de dichos datos personales, se hace mediante un uso adecuado, leg\u00edtimo y l\u00edcito, salvaguardando permanentemente los principios de licitud, consentimiento, calidad, informaci\u00f3n, proporcionalidad, responsabilidad, lealtad y finalidad, de conformidad con lo dispuesto por la Ley Federal de Protecci\u00f3n de Datos Personales en Posesi\u00f3n de los Particulares, su Reglamento y disposiciones secundarias.<\/p>\n\n\n\n<p><strong>OBTENCI\u00d3N DE DATOS PERSONALES Y FINALIDADES DE SU TRATAMIENTO.<\/strong><\/p>\n\n\n\n<p>En&nbsp;<strong>DENTAL HELP S.A. DE C.V.<\/strong>&nbsp;estamos comprometidos con salvaguardar la privacidad de sus datos personales y mantener una relaci\u00f3n estrecha y activa con nuestros consumidores y posibles consumidores y pacientes.<\/p>\n\n\n\n<p>A continuaci\u00f3n, se\u00f1alamos expresa y limitativamente los datos que podremos recabar de usted como consumidor y posible consumidor:<\/p>\n\n\n\n<p>Datos Personales de identificaci\u00f3n y contacto:<\/p>\n\n\n\n<ul>\n<li>Nombre, apellido paterno y materno, g\u00e9nero, edad, fecha de nacimiento, domicilio, n\u00famero telef\u00f3nico, n\u00famero celular, correo electr\u00f3nico, fotograf\u00eda.<\/li>\n<\/ul>\n\n\n\n<p>Datos de Facturaci\u00f3n:<\/p>\n\n\n\n<ul>\n<li>Registro Federal de Contribuyentes.<\/li>\n\n\n\n<li>Domicilio fiscal<\/li>\n<\/ul>\n\n\n\n<p>Datos sensibles como:<\/p>\n\n\n\n<ul>\n<li>Tipo o condici\u00f3n actual m\u00e9dica en relaci\u00f3n a su salud oral<\/li>\n<\/ul>\n\n\n\n<p>Con respecto de los datos personales antes mencionados, se garantiza un tratamiento, ya sea directa o indirectamente a trav\u00e9s de&nbsp;<strong>DENTAL HELP S.A. DE C.V.<\/strong>, sus subsidiarias, afiliadas o empresas relacionadas, y sus terceros proveedores de servicios con quienes tiene una relaci\u00f3n jur\u00eddica; obran y tratan datos personales por cuenta de&nbsp;<strong>DENTAL HELP S.A. DE C.V.<\/strong>, as\u00ed como, en su caso, por las autoridades competentes, para las finalidades que dieron origen y son necesarias para la existencia, mantenimiento y cumplimiento de la relaci\u00f3n jur\u00eddica con sus consumidores y posibles consumidores, que son las siguientes:<\/p>\n\n\n\n<ul>\n<li>Para dar cumplimiento a la relaci\u00f3n jur\u00eddica establecida con usted, derivado, en su caso, de la adquisici\u00f3n de los productos de la Marca, as\u00ed como para proveerle informaci\u00f3n sobre los mismos.<\/li>\n\n\n\n<li>Para atender quejas o recomendaciones respecto del uso y aplicaci\u00f3n de los productos de la Marca.<\/li>\n\n\n\n<li>En caso de adquisici\u00f3n de productos de la Marca, para fines de entrega y facturaci\u00f3n de los mismos.<\/li>\n\n\n\n<li>Registrar su participaci\u00f3n en eventos, promociones, din\u00e1micas, activaciones, y, en su caso, efectuar el env\u00edo o entrega de premios, incentivos o beneficios a los que se pudiera hacer acreedor(a).<\/li>\n<\/ul>\n\n\n\n<p>De manera adicional,&nbsp;<strong>DENTAL HELP S.A. DE C.V.<\/strong>&nbsp;podr\u00e1 tratar sus datos personales para las siguientes finalidades distintas o secundarias, que no son necesarias para la existencia, mantenimiento y cumplimiento de la relaci\u00f3n jur\u00eddica con sus consumidores, pero que nos permiten brindarle una mejor atenci\u00f3n:<\/p>\n\n\n\n<ul>\n<li>Mercadotecnia, publicidad, prospecci\u00f3n comercial, evaluaci\u00f3n de nuestros productos y servicios relacionados con la Marca o cualquier otra marca comercializada y distribuida por&nbsp;<strong>DENTAL HELP S.A. DE C.V.<\/strong>, incluyendo el env\u00edo de muestras gratis, art\u00edculos promocionales u obsequios.<\/li>\n\n\n\n<li>Invitaci\u00f3n a eventos.<\/li>\n\n\n\n<li>Para fines comerciales y de prospecci\u00f3n comercial incluso respecto de cualquier otra marca comercializada y distribuida por&nbsp;<strong>DENTAL HELP S.A. DE C.V.<\/strong>.<\/li>\n<\/ul>\n\n\n\n<p>La negativa otorgada para el tratamiento de sus datos personales para las finalidades distintas o secundarias se\u00f1aladas previamente, no podr\u00e1 ser un motivo para que le neguemos los productos o servicios derivados de la adquisici\u00f3n de los productos o servicios que adquiere o contrata con nosotros.<\/p>\n\n\n\n<p>Derivado de lo anterior,&nbsp;<strong>DENTAL HELP S.A. DE C.V.<\/strong>, le informa que, en caso de que usted no desee que sus datos personales sean tratados para las finalidades distintas o secundarias que se precisan en el presente documento, le solicitamos nos env\u00ede un correo electr\u00f3nico a protecciondedatos@madelienecorporativo.com, a efecto de que nuestro \u201cOficial de Protecci\u00f3n de Datos Personales\u201d documente dicha situaci\u00f3n mediante su inscripci\u00f3n en nuestro listado de exclusi\u00f3n denominado \u201cContactos que no desean env\u00edo de publicidad\u201d.<\/p>\n\n\n\n<p>Es importante mencionar que, en caso de que&nbsp;<strong>DENTAL HELP S.A. DE C.V.<\/strong>, pretendiera utilizar sus datos personales sensibles para las finalidades secundarias descritas con anterioridad, previo a su tratamiento, solicitar\u00e1 su consentimiento expreso y por escrito de conformidad con la Ley Federal de Protecci\u00f3n de Datos Personales en Posesi\u00f3n de los Particulares, su Reglamento y dem\u00e1s disposiciones secundarias obligatorias, de lo contrario no har\u00e1 uso de los mismos para estos fines.<\/p>\n\n\n\n<p>Los datos personales que usted proporcione a&nbsp;<strong>DENTAL HELP S.A. DE C.V.<\/strong>&nbsp;ser\u00e1n tratados exclusivamente para las finalidades descritas, se les tratar\u00e1 de forma confidencial y exclusivamente en la medida en que \u00e9stos sean estrictamente necesarios para cumplir la finalidad para la cual hubieren sido recabados.<\/p>\n\n\n\n<p>Para prevenir el acceso no autorizado a sus datos personales y con el fin de asegurar que la informaci\u00f3n sea utilizada para los fines establecidos en este aviso de privacidad, hemos implementado procedimientos f\u00edsicos, electr\u00f3nicos y administrativos, utilizando tecnolog\u00edas avanzadas que limitan el uso o divulgaci\u00f3n de sus datos, permiti\u00e9ndonos tratarlos debidamente y prohibiendo extraer de las oficinas de&nbsp;<strong>DENTAL HELP S.A. DE C.V.<\/strong>, de forma no autorizada, cualquier tipo de informaci\u00f3n que contenga datos personales.<\/p>\n\n\n\n<p><strong>TRANSFERENCIAS DE DATOS PERSONALES A TERCEROS.<\/strong><\/p>\n\n\n\n<p>Por medio de este aviso de privacidad,&nbsp;<strong>DENTAL HELP S.A. DE C.V.<\/strong>&nbsp;le informa que no podr\u00e1 transferir sus datos personales sin su consentimiento, y que \u00fanicamente podr\u00e1 remitir sus datos personales de identificaci\u00f3n y contacto (no sensibles) a terceros nacionales o extranjeros; tales como a sus subsidiarias, afiliadas o empresas relacionadas y proveedores de servicios con los que mantenga una relaci\u00f3n jur\u00eddica, para las siguientes finalidades:<\/p>\n\n\n\n<ul>\n<li>Mercadotecnia, publicidad y prospecci\u00f3n comercial.<\/li>\n\n\n\n<li>En caso de adquisici\u00f3n de productos de la Marca, para fines de entrega y facturaci\u00f3n de los mismos.<\/li>\n<\/ul>\n\n\n\n<p>Derivado de lo anterior&nbsp;<strong>DENTAL HELP S.A. DE C.V.<\/strong>&nbsp;le informa que, en caso de que usted no desee que sus datos personales sean remitidos a los terceros que se mencionan en el presente apartado y para las finalidades aqu\u00ed descritas, le solicitamos atentamente nos env\u00ede un correo electr\u00f3nico a la direcci\u00f3n&nbsp;protecciondedatos@madelienecorporativo.com a efecto de que nuestro \u201cOficial de Protecci\u00f3n de Datos Personales\u201d documente esta situaci\u00f3n y tome las medidas necesarias a fin de que sus datos no sean utilizados para los fines antes descritos, de lo contrario entenderemos que ha manifestado su pleno consentimiento para su transferencia en los t\u00e9rminos precisados en el aviso de privacidad que nos ocupa.<\/p>\n\n\n\n<p>Asimismo, le informamos que en caso de que&nbsp;<strong>DENTAL HELP S.A. DE C.V.<\/strong>, pretenda transferir sus datos personales sensibles (en caso de haberlos proporcionado) a los terceros aqu\u00ed precisados para las finalidades anteriormente descritas en el presente apartado, previo a su transferencia solicitar\u00e1 su consentimiento expreso y por escrito, de conformidad con la Ley Federal de Protecci\u00f3n de Datos Personales en Posesi\u00f3n de los Particulares, su Reglamento y dem\u00e1s disposiciones secundarias obligatorias, de lo contrario no har\u00e1 uso de los mismos para estos fines.<\/p>\n\n\n\n<p>En este sentido,&nbsp;<strong>DENTAL HELP S.A. DE C.V.<\/strong>&nbsp;le informa que, de conformidad con lo dispuesto por el art\u00edculo 37 de la Ley Federal de Protecci\u00f3n de Datos Personales en Posesi\u00f3n de los Particulares, podr\u00e1 transferir sus datos personales, sin su consentimiento, en los casos que a continuaci\u00f3n se especifican:<\/p>\n\n\n\n<ul>\n<li>Cuando la transferencia est\u00e9 prevista en una Ley o Tratado en los que M\u00e9xico sea parte.<\/li>\n\n\n\n<li>Cuando la transferencia sea necesaria para la prevenci\u00f3n o el diagn\u00f3stico m\u00e9dico, la prestaci\u00f3n de asistencia sanitaria, tratamiento m\u00e9dico o la gesti\u00f3n de servicios sanitarios.<\/li>\n\n\n\n<li>Cuando la transferencia sea efectuada a sociedades controladoras, subsidiarias o afiliadas bajo el control com\u00fan del responsable, o a una sociedad matriz o a cualquier sociedad del mismo grupo de&nbsp;<strong>DENTAL HELP S.A. DE C.V.<\/strong>&nbsp;que opere bajo los mismos procesos y pol\u00edticas internas.<\/li>\n\n\n\n<li>Cuando la transferencia sea necesaria por virtud de un contrato celebrado o por celebrar en inter\u00e9s del titular de datos, por&nbsp;<strong>DENTAL HELP S.A. DE C.V.<\/strong>&nbsp;y un tercero.<\/li>\n\n\n\n<li>Cuando la transferencia sea necesaria o legalmente exigida para la salvaguarda de un inter\u00e9s p\u00fablico, o para la procuraci\u00f3n o administraci\u00f3n de justicia.<\/li>\n\n\n\n<li>Cuando la transferencia sea precisa para el reconocimiento, ejercicio o defensa de un derecho en un proceso judicial.<\/li>\n\n\n\n<li>Cuando la transferencia sea precisa para el mantenimiento o cumplimiento de una relaci\u00f3n jur\u00eddica entre&nbsp;<strong>DENTAL HELP S.A. DE C.V.<\/strong>&nbsp;y el titular de datos.<\/li>\n<\/ul>\n\n\n\n<p><strong>MECANISMOS Y PROCEDIMIENTOS PARA LA REVOCACI\u00d3N DEL CONSENTIMIENTO AL TRATAMIENTO DE DATOS PERSONALES Y\/O EJERCICIO DE DERECHOS ARCO.<\/strong><\/p>\n\n\n\n<p>En todo momento usted podr\u00e1 revocar el consentimiento que nos ha otorgado para el tratamiento de sus datos personales, a fin de que dejemos de hacer uso de los mismos. Sin embargo, es importante que tenga en cuenta que no en todos los casos podremos atender su solicitud o concluir su uso de forma inmediata, ya que es posible que por alguna obligaci\u00f3n legal requiramos seguir tratando sus datos personales. Asimismo, usted deber\u00e1 considerar que para ciertos fines, la revocaci\u00f3n de su consentimiento implicar\u00e1 que no le podamos seguir prestando el servicio que nos solicit\u00f3, o la conclusi\u00f3n de su relaci\u00f3n con nosotros.<\/p>\n\n\n\n<p>Para revocar su consentimiento deber\u00e1 acudir a nuestras oficinas y solicitar el formato de \u201cSolicitud de Revocaci\u00f3n del Consentimiento\u201d el cual tambi\u00e9n hemos puesto a su disposici\u00f3n en nuestro portal de internet https:\/\/www.madeleinecorporativo.com\/, acompa\u00f1ando a dicha solicitud los documentos que acrediten su identidad (identificaci\u00f3n oficial) o, en su caso, de quien legalmente le represente. Asimismo, usted podr\u00e1 solicitar dicho formato a nuestro \u201cOficial de Protecci\u00f3n de Datos Personales\u201d, a trav\u00e9s del correo electr\u00f3nico&nbsp;protecciondedatos@madelienecorporativo.com<\/p>\n\n\n\n<p>Asimismo, usted tiene derecho a acceder, rectificar, cancelar u oponerse al tratamiento de sus datos personales (derechos ARCO). En este sentido, como titular de sus datos personales tiene el derecho de conocer qu\u00e9 datos personales mantiene&nbsp;<strong>DENTAL HELP S.A. DE C.V.<\/strong>, para qu\u00e9 los utilizamos y las condiciones del uso que les damos (Acceso), as\u00ed como a rectificarlos en caso de ser inexactos, desactualizados o incompletos (Rectificaci\u00f3n), instruirnos a cancelarlos cuando estos resulten excesivos o innecesarios para las finalidades descritas que justificaron su obtenci\u00f3n, considere que los mismos no est\u00e1n siendo utilizados conforme a los principios, deberes y obligaciones previstas en la normativa aplicable (Cancelaci\u00f3n), o bien, oponerse al uso de sus datos personales para fines espec\u00edficos (Oposici\u00f3n), en los casos en que la Ley Federal de Protecci\u00f3n de Datos Personales en Posesi\u00f3n de los Particulares as\u00ed lo permita.<\/p>\n\n\n\n<p>Para ejercer los derechos ARCO conforme lo mencionado en el p\u00e1rrafo anterior, podr\u00e1 acudir a nuestras oficinas y solicitar el formato de \u201cSolicitud para el Ejercicio de los Derechos ARCO\u201d, el cual tambi\u00e9n hemos puesto a su disposici\u00f3n este correo para solicitarlo avisoprivacidad@dentalhelp.mex \/, acompa\u00f1ando a dicha solicitud los documentos que acrediten su identidad (identificaci\u00f3n oficial) o, en su caso, de quien legalmente le represente. Asimismo, usted podr\u00e1 solicitar dicho formato a nuestro \u201cOficial de Protecci\u00f3n de Datos Personales\u201d, a trav\u00e9s del correo electr\u00f3nico&nbsp;avisoprivacidad@dentalhelp.mex.<\/p>\n\n\n\n<p><strong>DENTAL HELP S.A. DE C.V.<\/strong>&nbsp;atender\u00e1 su petici\u00f3n en los tiempos estipulados en las leyes aplicables y le informar\u00e1 de las consecuencias que deban producirse con motivo del ejercicio de su derecho.<\/p>\n\n\n\n<p>Para conocer puntualmente el procedimiento establecido por&nbsp;<strong>DENTAL HELP S.A. DE C.V.<\/strong>&nbsp;para la revocaci\u00f3n del consentimiento respecto del tratamiento de sus datos personales y\/o respecto del ejercicio de los derechos ARCO, hemos puesto a su disposici\u00f3n en nuestro portal de internet&nbsp;el link para acceder a este documento un documento que los detalla, o bien, usted podr\u00e1 acudir personalmente a nuestra oficinas y contactar al \u201cOficial de Protecci\u00f3n de Datos Personales\u201d, as\u00ed como contactarlo a trav\u00e9s del correo electr\u00f3nico&nbsp;protecciondedatos@madelienecorporativo.com, donde con gusto le informaremos sobre los detalles del procedimiento y requisitos para el ejercicio de sus derechos.<\/p>\n\n\n\n<p>Si considera que no ha recibido una respuesta de&nbsp;<strong>DENTAL HELP S.A. DE C.V.<\/strong>&nbsp;o bien la respuesta que se le dio no es satisfactoria, usted tiene el derecho de acudir al Instituto Nacional de Transparencia, Acceso a la Informaci\u00f3n y Protecci\u00f3n de Datos Personales (INAI) a presentar una solicitud de protecci\u00f3n de datos dentro de los quince d\u00edas siguientes a la fecha en que venza el plazo para que&nbsp;<strong>DENTAL HELP S.A. DE C.V.<\/strong>&nbsp;de respuesta a su solicitud de conformidad con la Ley Federal de Protecci\u00f3n de Datos Personales en Posesi\u00f3n de los Particulares y su Reglamento, as\u00ed como del procedimiento que hemos instaurado para ello, o bien, de la respuesta que hubi\u00e9semos dado a la misma.<\/p>\n\n\n\n<p><strong>MEDIOS PARA LIMITAR EL USO O DIVULGACI\u00d3N DE LOS DATOS PERSONALES<\/strong><\/p>\n\n\n\n<p><strong>DENTAL HELP S.A. DE C.V.<\/strong>&nbsp;le informa que, con el objeto de que usted pueda limitar el uso o divulgaci\u00f3n de sus datos personales, ponemos a su disposici\u00f3n la direcci\u00f3n de correo electr\u00f3nico<a href=\"mailto:proteccion.datos@loreal.com\"><\/a> protecciondedatos@madelienecorporativo.com a efecto de ser inscrito en nuestro listado de exclusi\u00f3n denominado \u201cContactos que no desean env\u00edo de publicidad\u201d, a fin de que sus datos personales no sean tratados para fines mercadot\u00e9cnicos, publicitarios o de prospecci\u00f3n comercial, as\u00ed como para evaluaci\u00f3n de nuestros productos y servicios relacionados con la Marca por nuestra parte.<\/p>\n\n\n\n<p><strong>USO DE COOKIES, WEB BEACONS U OTRAS TECNOLOG\u00cdAS<\/strong><\/p>\n\n\n\n<p><strong>DENTAL HELP S.A. DE C.V.<\/strong>&nbsp;le informa que, podr\u00e1 utilizar mecanismos en medios remotos o locales de comunicaci\u00f3n electr\u00f3nica, \u00f3ptica u otra tecnolog\u00eda; tales como&nbsp;<em>cookies y web beacons<\/em>, que permitan recabar diversos datos de manera autom\u00e1tica y simult\u00e1nea al tiempo que usted como consumidor o posible consumidor hace contacto con los mismos. Si quieres tener m\u00e1s informaci\u00f3n, por favor, consulta nuestro aviso de privacidad, &nbsp;donde podr\u00e1s revisar c\u00f3mo desactivar el acceso a sus datos y en su caso, qu\u00e9 cookies estamos usando para recabar tus datos personales.<\/p>\n\n\n\n<p>Los&nbsp;<em>cookies<\/em>&nbsp;son aquellos archivos de datos que se almacenan en el disco duro del equipo de c\u00f3mputo o del dispositivo de comunicaciones electr\u00f3nicas de un usuario al navegar en un sitio de Internet espec\u00edfico, el cual permite intercambiar informaci\u00f3n de estado entre dicho sitio y el navegador del usuario. La informaci\u00f3n de estado puede revelar en algunos casos medios de identificaci\u00f3n de sesi\u00f3n, autenticaci\u00f3n o preferencias del usuario, as\u00ed como cualquier otro dato almacenado por el navegador respecto del sitio de Internet.<\/p>\n\n\n\n<p>Se entiende por web&nbsp;<em>beacons<\/em>&nbsp;a aquella imagen visible u oculta insertada dentro de un sitio web o correo electr\u00f3nico, que se utiliza para monitorear el comportamiento del usuario en estos medios. A trav\u00e9s de \u00e9stos se puede obtener informaci\u00f3n como la direcci\u00f3n IP de origen, navegador utilizado, sistema operativo, momento en que se accedi\u00f3 a la p\u00e1gina, y en el caso del correo electr\u00f3nico, la asociaci\u00f3n de los datos anteriores con el destinatario.<\/p>\n\n\n\n<p>En concreto,&nbsp;<strong>DENTAL HELP S.A. DE C.V.<\/strong>, utilizar\u00e1 cookies y web beacons al enviar correos electr\u00f3nicos con informaci\u00f3n relacionada con la Marca y el resto de las marcas que distribuye y comercializa&nbsp;<strong>DENTAL HELP S.A. DE C.V.<\/strong>, ya que al momento en que usted reciba y, en su caso, lea alguno de nuestros correos, por medio de estas tecnolog\u00edas podremos recabar los siguientes datos:<\/p>\n\n\n\n<p>i) Conocer si abri\u00f3 o no el correo electr\u00f3nico que le enviamos y;<\/p>\n\n\n\n<p>ii) Conocer si accedi\u00f3 o no a la(s) liga(s) o URL(s) contenidas en el correo.<\/p>\n\n\n\n<p>Asimismo, le informamos que los datos que se obtienen a trav\u00e9s de estas tecnolog\u00edas se utilizar\u00e1n exclusivamente para fines estad\u00edsticos y de revisi\u00f3n de resultados, sin que exista la posibilidad de transferirlos a terceros.<\/p>\n\n\n\n<p>La mayor\u00eda de los exploradores acepta las cookies autom\u00e1ticamente. Aun as\u00ed, es posible configurar cualquier explorador para evitar que acepte cookies e impedir de este modo que su equipo o dispositivo las almacene. Algunos exploradores cuentan con un modo especial que garantiza la eliminaci\u00f3n de las cookies tras una visita. Consulte el manual de su explorador si desea conocer los pasos exactos que permiten activar el modo correspondiente. Puede eliminar las cookies que se encuentren almacenadas en su equipo o dispositivo en cualquier momento.<\/p>\n\n\n\n<p>En este sentido, en apoyo a usted y para ejemplificarlo establecemos la forma en que se pueden deshabilitar las cookies en el navegador&nbsp;<em>Internet Explorer<\/em>&nbsp;y que son las siguientes:&nbsp;<em>i)<\/em>&nbsp;Abrir en su computadora el navegador&nbsp;<strong>Internet Explorer<\/strong>.&nbsp;<em>ii)<\/em>&nbsp;Al ingresar hacer&nbsp;<em>click<\/em>&nbsp;en el bot\u00f3n&nbsp;<strong>Herramientas<\/strong>&nbsp;y despu\u00e9s en&nbsp;<strong>Opciones de Internet<\/strong>&nbsp;y&nbsp;<em>iii)<\/em>&nbsp;Posteriormente hacer&nbsp;<em>click<\/em>&nbsp;en la ficha&nbsp;<strong>Privacidad<\/strong>, y a continuaci\u00f3n, en&nbsp;<strong>Configuraci\u00f3n<\/strong>, mueva el control deslizante totalmente hacia arriba para bloquear todas las cookies o totalmente hacia abajo para permitir todas las cookies y, a continuaci\u00f3n, haga clic en&nbsp;<strong>Aceptar<\/strong>.<\/p>\n\n\n\n<p>En ning\u00fan otro caso,&nbsp;<strong>DENTAL HELP S.A. DE C.V.<\/strong>&nbsp;utilizar\u00e1 este tipo de tecnolog\u00edas. En caso contrario, lo har\u00e1 de su conocimiento previamente.<\/p>\n\n\n\n<p><strong>MODIFICACIONES Y CAMBIOS AL AVISO DE PRIVACIDAD<\/strong><\/p>\n\n\n\n<p>Este aviso de privacidad podr\u00e1 ser modificado o actualizado de tiempo en tiempo por&nbsp;<strong>DENTAL HELP S.A. DE C.V.<\/strong>. Dichas modificaciones ser\u00e1n informadas a trav\u00e9s de una publicaci\u00f3n en nuestro portal de internet posteriormente a su modificaci\u00f3n.<\/p>\n\n\n\n<p>Fecha de \u00faltima actualizaci\u00f3n: Diciembre 6 de &nbsp;2023<\/p>\n\n\n\n<p>Solicitar baja de datos personales: avisoprivacidad@dentalhelp.mex<\/p>\n","protected":false},"excerpt":{"rendered":"<p>AVISO DE PRIVACIDAD IDENTIDAD Y DOMICILIO DEL RESPONSABLE. En DENTAL HELP S.A. DE C.V.. .,&#8230;<\/p>\n","protected":false},"author":1,"featured_media":0,"parent":0,"menu_order":0,"comment_status":"closed","ping_status":"open","template":"","meta":{"footnotes":""},"post-meta":{"_wp_page_template":["default"],"_edit_lock":["1701880251:1"],"_edit_last":["1"],"site-container":["default"],"site-header-transparent":["default"],"site-page-header":["default"],"site-sidebar":["default"]},"_links":{"self":[{"href":"https:\/\/dentalhelp.mx\/index.php\/wp-json\/wp\/v2\/pages\/3"}],"collection":[{"href":"https:\/\/dentalhelp.mx\/index.php\/wp-json\/wp\/v2\/pages"}],"about":[{"href":"https:\/\/dentalhelp.mx\/index.php\/wp-json\/wp\/v2\/types\/page"}],"author":[{"embeddable":true,"href":"https:\/\/dentalhelp.mx\/index.php\/wp-json\/wp\/v2\/users\/1"}],"replies":[{"embeddable":true,"href":"https:\/\/dentalhelp.mx\/index.php\/wp-json\/wp\/v2\/comments?post=3"}],"version-history":[{"count":2,"href":"https:\/\/dentalhelp.mx\/index.php\/wp-json\/wp\/v2\/pages\/3\/revisions"}],"predecessor-version":[{"id":1557,"href":"https:\/\/dentalhelp.mx\/index.php\/wp-json\/wp\/v2\/pages\/3\/revisions\/1557"}],"wp:attachment":[{"href":"https:\/\/dentalhelp.mx\/index.php\/wp-json\/wp\/v2\/media?parent=3"}],"curies":[{"name":"wp","href":"https:\/\/api.w.org\/{rel}","templated":true}]}}